{"id":59,"date":"2026-02-09T22:58:43","date_gmt":"2026-02-09T21:58:43","guid":{"rendered":"https:\/\/collectif-wecare.org\/?page_id=59"},"modified":"2026-04-09T18:20:51","modified_gmt":"2026-04-09T16:20:51","slug":"yes-i-care","status":"publish","type":"page","link":"https:\/\/collectif-wecare.org\/index.php\/yes-i-care\/","title":{"rendered":"YES I CARE !"},"content":{"rendered":"\n<h1 class=\"wp-block-heading has-text-align-center\">YES I CARE !<\/h1>\n\n\n\n<hr class=\"wp-block-separator has-alpha-channel-opacity\"\/>\n\n\n\n<h3 class=\"wp-block-heading\">1) Je signe la p\u00e9tition sur le site change.org<\/h3>\n\n\n\n<div class=\"wp-block-buttons is-content-justification-center is-layout-flex wp-container-core-buttons-is-layout-a89b3969 wp-block-buttons-is-layout-flex\">\n<div class=\"wp-block-button\"><a class=\"wp-block-button__link wp-element-button\" href=\"https:\/\/change.org\/wecare2027\" target=\"_blank\" rel=\"noreferrer noopener\">Je signe sur change.org<\/a><\/div>\n<\/div>\n\n\n\n<h3 class=\"wp-block-heading\">2) Je m&rsquo;inscris sur le site WECARE (Facultatif)<\/h3>\n\n\n\n<p>SI vous souhaitez vous impliquer un peu plus, inscrivez-vous sur le site pour apparaitre (de fa\u00e7on anonyme) membre du collectif. Vous aurez un peu plus de nouvelles et serez \u00e9ventuellement invit\u00e9s (sans obligation) \u00e0 nous rendre service (relecture, transmission d&rsquo;information, etc.)<\/p>\n\n\n  \n  \n  <div class=\"\n    mailpoet_form_popup_overlay\n      \"><\/div>\n  <div\n    id=\"mailpoet_form_1\"\n    class=\"\n      mailpoet_form\n      mailpoet_form_html\n      mailpoet_form_position_\n      mailpoet_form_animation_\n    \"\n      >\n\n    <style type=\"text\/css\">\n     #mailpoet_form_1 .mailpoet_form {  }\n#mailpoet_form_1 .mailpoet_column_with_background { padding: 10px; }\n#mailpoet_form_1 .mailpoet_form_column:not(:first-child) { margin-left: 20px; }\n#mailpoet_form_1 .mailpoet_paragraph { line-height: 20px; margin-bottom: 20px; }\n#mailpoet_form_1 .mailpoet_segment_label, #mailpoet_form_1 .mailpoet_text_label, #mailpoet_form_1 .mailpoet_textarea_label, #mailpoet_form_1 .mailpoet_select_label, #mailpoet_form_1 .mailpoet_radio_label, #mailpoet_form_1 .mailpoet_checkbox_label, #mailpoet_form_1 .mailpoet_list_label, #mailpoet_form_1 .mailpoet_date_label { display: block; font-weight: normal; }\n#mailpoet_form_1 .mailpoet_text, #mailpoet_form_1 .mailpoet_textarea, #mailpoet_form_1 .mailpoet_select, #mailpoet_form_1 .mailpoet_date_month, #mailpoet_form_1 .mailpoet_date_day, #mailpoet_form_1 .mailpoet_date_year, #mailpoet_form_1 .mailpoet_date { display: block; }\n#mailpoet_form_1 .mailpoet_text, #mailpoet_form_1 .mailpoet_textarea { width: 200px; }\n#mailpoet_form_1 .mailpoet_checkbox {  }\n#mailpoet_form_1 .mailpoet_submit {  }\n#mailpoet_form_1 .mailpoet_divider {  }\n#mailpoet_form_1 .mailpoet_message {  }\n#mailpoet_form_1 .mailpoet_form_loading { width: 30px; text-align: center; line-height: normal; }\n#mailpoet_form_1 .mailpoet_form_loading > span { width: 5px; height: 5px; background-color: #5b5b5b; }#mailpoet_form_1{border-radius: 0px;text-align: center;}#mailpoet_form_1 form.mailpoet_form {padding: 20px;}#mailpoet_form_1{width: 100%;}#mailpoet_form_1 .mailpoet_message {margin: 0; padding: 0 20px;}#mailpoet_form_1 .mailpoet_paragraph.last {margin-bottom: 0} @media (max-width: 500px) {#mailpoet_form_1 {background-image: none;}} @media (min-width: 500px) {#mailpoet_form_1 .last .mailpoet_paragraph:last-child {margin-bottom: 0}}  @media (max-width: 500px) {#mailpoet_form_1 .mailpoet_form_column:last-child .mailpoet_paragraph:last-child {margin-bottom: 0}} \n    <\/style>\n\n    <form\n      target=\"_self\"\n      method=\"post\"\n      action=\"https:\/\/collectif-wecare.org\/wp-admin\/admin-post.php?action=mailpoet_subscription_form\"\n      class=\"mailpoet_form mailpoet_form_form mailpoet_form_html\"\n      novalidate\n      data-delay=\"\"\n      data-exit-intent-enabled=\"\"\n      data-font-family=\"\"\n      data-cookie-expiration-time=\"\"\n    >\n      <input type=\"hidden\" name=\"data[form_id]\" value=\"1\" \/>\n      <input type=\"hidden\" name=\"token\" value=\"afd298c57a\" \/>\n      <input type=\"hidden\" name=\"api_version\" value=\"v1\" \/>\n      <input type=\"hidden\" name=\"endpoint\" value=\"subscribers\" \/>\n      <input type=\"hidden\" name=\"mailpoet_method\" value=\"subscribe\" \/>\n\n      <label class=\"mailpoet_hp_email_label\" style=\"display: none !important;\">Veuillez laisser ce champ vide<input type=\"email\" name=\"data[email]\"\/><\/label><div class=\"mailpoet_paragraph \"><label for=\"form_email_1\" class=\"mailpoet_text_label\"  data-automation-id=\"form_email_label\" >Adresse e-mail&nbsp;<span class=\"mailpoet_required\" aria-hidden=\"true\">*<\/span><\/label><input type=\"email\" autocomplete=\"email\" class=\"mailpoet_text\" id=\"form_email_1\" name=\"data[form_field_ZGU3YmFhNWRkNTM0X2VtYWls]\" title=\"Adresse e-mail\" value=\"\" style=\"padding:5px;margin: 0 auto;\" data-automation-id=\"form_email\" data-parsley-errors-container=\".mailpoet_error_1fath\" data-parsley-required=\"true\" required aria-required=\"true\" data-parsley-minlength=\"6\" data-parsley-maxlength=\"150\" data-parsley-type-message=\"Cette valeur doit \u00eatre un e-mail valide.\" data-parsley-required-message=\"Ce champ est n\u00e9cessaire.\"\/><span class=\"mailpoet_error_1fath\"><\/span><\/div>\n<div class=\"mailpoet_paragraph \"><label for=\"form_first_name_1\" class=\"mailpoet_text_label\"  data-automation-id=\"form_first_name_label\" >Pr\u00e9nom N.<\/label><input type=\"text\" autocomplete=\"given-name\" class=\"mailpoet_text\" id=\"form_first_name_1\" name=\"data[form_field_YTk4OWZmMjA3ZjY1X2ZpcnN0X25hbWU=]\" title=\"Pr\u00e9nom N.\" value=\"\" style=\"padding:5px;margin: 0 auto;\" data-automation-id=\"form_first_name\" data-parsley-errors-container=\".mailpoet_error_1ck58\" data-parsley-names='[&quot;Veuillez sp\u00e9cifier un nom valide.&quot;,&quot;Les adresses dans les noms ne sont pas autoris\u00e9es, veuillez ajouter votre nom \u00e0 la place.&quot;]'\/><span class=\"mailpoet_error_1ck58\"><\/span><\/div>\n<div class=\"mailpoet_paragraph \"><label for=\"form_4_1\" class=\"mailpoet_text_label\" >Profession<\/label><input type=\"text\" autocomplete=\"on\" class=\"mailpoet_text\" id=\"form_4_1\" name=\"data[cf_4]\" title=\"Profession\" value=\"\" style=\"padding:5px;margin: 0 auto;\"  data-parsley-errors-container=\".mailpoet_error_xpnjn\"\/><span class=\"mailpoet_error_xpnjn\"><\/span><\/div>\n<div class=\"mailpoet_paragraph \"><label for=\"form_6_1\" class=\"mailpoet_text_label\" >Localit\u00e9<\/label><input type=\"text\" autocomplete=\"on\" class=\"mailpoet_text\" id=\"form_6_1\" name=\"data[cf_6]\" title=\"Localit\u00e9\" value=\"\" style=\"padding:5px;margin: 0 auto;\"  data-parsley-errors-container=\".mailpoet_error_1v2ub\"\/><span class=\"mailpoet_error_1v2ub\"><\/span><\/div>\n<div class=\"mailpoet_paragraph \"><label for=\"form_5_1\" class=\"mailpoet_text_label\" >Message<\/label><input type=\"text\" autocomplete=\"on\" class=\"mailpoet_text\" id=\"form_5_1\" name=\"data[cf_5]\" title=\"Message\" value=\"\" style=\"width:100%;box-sizing:border-box;padding:5px;margin: 0 auto;\"  data-parsley-errors-container=\".mailpoet_error_2bra1\"\/><span class=\"mailpoet_error_2bra1\"><\/span><\/div>\n<div class=\"mailpoet_paragraph \"><input type=\"submit\" class=\"mailpoet_submit\" value=\"Je m\u2019inscris\u00a0!\" data-automation-id=\"subscribe-submit-button\" style=\"padding:5px;margin: 0 auto;border-color:transparent;\" \/><span class=\"mailpoet_form_loading\"><span class=\"mailpoet_bounce1\"><\/span><span class=\"mailpoet_bounce2\"><\/span><span class=\"mailpoet_bounce3\"><\/span><\/span><\/div>\n<p class=\"mailpoet_form_paragraph \" style=\"text-align: left\">Nota: N&rsquo;indiquez que votre adresse mail si vous ne souhaitez pas appara\u00eetre sur la page des membres. Devenir membre du collectif est gratuit et ne vous engage en rien. Il nous sert \u00e0 d\u00e9montrer que le sujet int\u00e9resse au del\u00e0 du premier noyau. Vous serez \u00e9galement abonn\u00e9 \u00e0 notre NewsLetter.<\/p>\n\n      <div class=\"mailpoet_message\">\n        <p class=\"mailpoet_validate_success\"\n                style=\"display:none;\"\n                >V\u00e9rifiez votre boite de r\u00e9ception ou votre r\u00e9pertoire d\u2019ind\u00e9sirables pour confirmer votre abonnement.\n        <\/p>\n        <p class=\"mailpoet_validate_error\"\n                style=\"display:none;\"\n                >        <\/p>\n      <\/div>\n    <\/form>\n\n      <\/div>\n\n  \n\n\n<h3 class=\"wp-block-heading\">3) Je diffuse l&rsquo;information sur tous mes r\u00e9seaux<\/h3>\n\n\n\n<p>Non seulement nous avons besoin d&rsquo;un maximum de soutien mais il est \u00e9galement important que les id\u00e9es propos\u00e9es par le collectif se diffusent. Aidez-nous \u00e0 relayer notre appel.<\/p>\n\n\n\n<hr class=\"wp-block-separator has-alpha-channel-opacity\"\/>\n","protected":false},"excerpt":{"rendered":"<p>YES I CARE ! 1) Je signe la p\u00e9tition sur le site change.org 2) Je m&rsquo;inscris sur le site WECARE [&hellip;]<\/p>\n","protected":false},"author":2,"featured_media":0,"parent":0,"menu_order":0,"comment_status":"closed","ping_status":"closed","template":"","meta":{"site-sidebar-layout":"default","site-content-layout":"","ast-site-content-layout":"default","site-content-style":"default","site-sidebar-style":"default","ast-global-header-display":"","ast-banner-title-visibility":"","ast-main-header-display":"","ast-hfb-above-header-display":"","ast-hfb-below-header-display":"","ast-hfb-mobile-header-display":"","site-post-title":"disabled","ast-breadcrumbs-content":"","ast-featured-img":"","footer-sml-layout":"","ast-disable-related-posts":"","theme-transparent-header-meta":"","adv-header-id-meta":"","stick-header-meta":"","header-above-stick-meta":"","header-main-stick-meta":"","header-below-stick-meta":"","astra-migrate-meta-layouts":"default","ast-page-background-enabled":"default","ast-page-background-meta":{"desktop":{"background-color":"var(--ast-global-color-5)","background-image":"","background-repeat":"repeat","background-position":"center center","background-size":"auto","background-attachment":"scroll","background-type":"","background-media":"","overlay-type":"","overlay-color":"","overlay-opacity":"","overlay-gradient":""},"tablet":{"background-color":"","background-image":"","background-repeat":"repeat","background-position":"center center","background-size":"auto","background-attachment":"scroll","background-type":"","background-media":"","overlay-type":"","overlay-color":"","overlay-opacity":"","overlay-gradient":""},"mobile":{"background-color":"","background-image":"","background-repeat":"repeat","background-position":"center center","background-size":"auto","background-attachment":"scroll","background-type":"","background-media":"","overlay-type":"","overlay-color":"","overlay-opacity":"","overlay-gradient":""}},"ast-content-background-meta":{"desktop":{"background-color":"var(--ast-global-color-4)","background-image":"","background-repeat":"repeat","background-position":"center center","background-size":"auto","background-attachment":"scroll","background-type":"","background-media":"","overlay-type":"","overlay-color":"","overlay-opacity":"","overlay-gradient":""},"tablet":{"background-color":"var(--ast-global-color-4)","background-image":"","background-repeat":"repeat","background-position":"center center","background-size":"auto","background-attachment":"scroll","background-type":"","background-media":"","overlay-type":"","overlay-color":"","overlay-opacity":"","overlay-gradient":""},"mobile":{"background-color":"var(--ast-global-color-4)","background-image":"","background-repeat":"repeat","background-position":"center center","background-size":"auto","background-attachment":"scroll","background-type":"","background-media":"","overlay-type":"","overlay-color":"","overlay-opacity":"","overlay-gradient":""}},"footnotes":""},"class_list":["post-59","page","type-page","status-publish","hentry"],"featured_image_src":null,"yoast_head":"<!-- This site is optimized with the Yoast SEO plugin v27.3 - https:\/\/yoast.com\/product\/yoast-seo-wordpress\/ -->\n<title>YES I CARE ! - #WECARE<\/title>\n<meta name=\"robots\" content=\"index, follow, max-snippet:-1, max-image-preview:large, max-video-preview:-1\" \/>\n<link rel=\"canonical\" href=\"https:\/\/collectif-wecare.org\/index.php\/yes-i-care\/\" \/>\n<meta property=\"og:locale\" content=\"fr_FR\" \/>\n<meta property=\"og:type\" content=\"article\" \/>\n<meta property=\"og:title\" content=\"YES I CARE ! - #WECARE\" \/>\n<meta property=\"og:description\" content=\"YES I CARE ! 1) Je signe la p\u00e9tition sur le site change.org 2) Je m&rsquo;inscris sur le site WECARE [&hellip;]\" \/>\n<meta property=\"og:url\" content=\"https:\/\/collectif-wecare.org\/index.php\/yes-i-care\/\" \/>\n<meta property=\"og:site_name\" content=\"#WECARE\" \/>\n<meta property=\"article:modified_time\" content=\"2026-04-09T16:20:51+00:00\" \/>\n<meta name=\"twitter:card\" content=\"summary_large_image\" \/>\n<meta name=\"twitter:label1\" content=\"Dur\u00e9e de lecture estim\u00e9e\" \/>\n\t<meta name=\"twitter:data1\" content=\"1 minute\" \/>\n<script type=\"application\/ld+json\" class=\"yoast-schema-graph\">{\"@context\":\"https:\\\/\\\/schema.org\",\"@graph\":[{\"@type\":\"WebPage\",\"@id\":\"https:\\\/\\\/collectif-wecare.org\\\/index.php\\\/yes-i-care\\\/\",\"url\":\"https:\\\/\\\/collectif-wecare.org\\\/index.php\\\/yes-i-care\\\/\",\"name\":\"YES I CARE ! - #WECARE\",\"isPartOf\":{\"@id\":\"https:\\\/\\\/collectif-wecare.org\\\/#website\"},\"datePublished\":\"2026-02-09T21:58:43+00:00\",\"dateModified\":\"2026-04-09T16:20:51+00:00\",\"breadcrumb\":{\"@id\":\"https:\\\/\\\/collectif-wecare.org\\\/index.php\\\/yes-i-care\\\/#breadcrumb\"},\"inLanguage\":\"fr-FR\",\"potentialAction\":[{\"@type\":\"ReadAction\",\"target\":[\"https:\\\/\\\/collectif-wecare.org\\\/index.php\\\/yes-i-care\\\/\"]}]},{\"@type\":\"BreadcrumbList\",\"@id\":\"https:\\\/\\\/collectif-wecare.org\\\/index.php\\\/yes-i-care\\\/#breadcrumb\",\"itemListElement\":[{\"@type\":\"ListItem\",\"position\":1,\"name\":\"Accueil\",\"item\":\"https:\\\/\\\/collectif-wecare.org\\\/\"},{\"@type\":\"ListItem\",\"position\":2,\"name\":\"YES I CARE !\"}]},{\"@type\":\"WebSite\",\"@id\":\"https:\\\/\\\/collectif-wecare.org\\\/#website\",\"url\":\"https:\\\/\\\/collectif-wecare.org\\\/\",\"name\":\"#WECARE\",\"description\":\"Pour la cr\u00e9ation d&#039;une d\u00e9l\u00e9gation nationale de la s\u00e9curit\u00e9 de l&#039;enfance\",\"publisher\":{\"@id\":\"https:\\\/\\\/collectif-wecare.org\\\/#organization\"},\"potentialAction\":[{\"@type\":\"SearchAction\",\"target\":{\"@type\":\"EntryPoint\",\"urlTemplate\":\"https:\\\/\\\/collectif-wecare.org\\\/?s={search_term_string}\"},\"query-input\":{\"@type\":\"PropertyValueSpecification\",\"valueRequired\":true,\"valueName\":\"search_term_string\"}}],\"inLanguage\":\"fr-FR\"},{\"@type\":\"Organization\",\"@id\":\"https:\\\/\\\/collectif-wecare.org\\\/#organization\",\"name\":\"#WECARE\",\"url\":\"https:\\\/\\\/collectif-wecare.org\\\/\",\"logo\":{\"@type\":\"ImageObject\",\"inLanguage\":\"fr-FR\",\"@id\":\"https:\\\/\\\/collectif-wecare.org\\\/#\\\/schema\\\/logo\\\/image\\\/\",\"url\":\"http:\\\/\\\/collectif-wecare.org\\\/wp-content\\\/uploads\\\/2026\\\/02\\\/MiniLogo.png\",\"contentUrl\":\"http:\\\/\\\/collectif-wecare.org\\\/wp-content\\\/uploads\\\/2026\\\/02\\\/MiniLogo.png\",\"width\":18,\"height\":15,\"caption\":\"#WECARE\"},\"image\":{\"@id\":\"https:\\\/\\\/collectif-wecare.org\\\/#\\\/schema\\\/logo\\\/image\\\/\"}}]}<\/script>\n<!-- \/ Yoast SEO plugin. -->","yoast_head_json":{"title":"YES I CARE ! - #WECARE","robots":{"index":"index","follow":"follow","max-snippet":"max-snippet:-1","max-image-preview":"max-image-preview:large","max-video-preview":"max-video-preview:-1"},"canonical":"https:\/\/collectif-wecare.org\/index.php\/yes-i-care\/","og_locale":"fr_FR","og_type":"article","og_title":"YES I CARE ! - #WECARE","og_description":"YES I CARE ! 1) Je signe la p\u00e9tition sur le site change.org 2) Je m&rsquo;inscris sur le site WECARE [&hellip;]","og_url":"https:\/\/collectif-wecare.org\/index.php\/yes-i-care\/","og_site_name":"#WECARE","article_modified_time":"2026-04-09T16:20:51+00:00","twitter_card":"summary_large_image","twitter_misc":{"Dur\u00e9e de lecture estim\u00e9e":"1 minute"},"schema":{"@context":"https:\/\/schema.org","@graph":[{"@type":"WebPage","@id":"https:\/\/collectif-wecare.org\/index.php\/yes-i-care\/","url":"https:\/\/collectif-wecare.org\/index.php\/yes-i-care\/","name":"YES I CARE ! - #WECARE","isPartOf":{"@id":"https:\/\/collectif-wecare.org\/#website"},"datePublished":"2026-02-09T21:58:43+00:00","dateModified":"2026-04-09T16:20:51+00:00","breadcrumb":{"@id":"https:\/\/collectif-wecare.org\/index.php\/yes-i-care\/#breadcrumb"},"inLanguage":"fr-FR","potentialAction":[{"@type":"ReadAction","target":["https:\/\/collectif-wecare.org\/index.php\/yes-i-care\/"]}]},{"@type":"BreadcrumbList","@id":"https:\/\/collectif-wecare.org\/index.php\/yes-i-care\/#breadcrumb","itemListElement":[{"@type":"ListItem","position":1,"name":"Accueil","item":"https:\/\/collectif-wecare.org\/"},{"@type":"ListItem","position":2,"name":"YES I CARE !"}]},{"@type":"WebSite","@id":"https:\/\/collectif-wecare.org\/#website","url":"https:\/\/collectif-wecare.org\/","name":"#WECARE","description":"Pour la cr\u00e9ation d&#039;une d\u00e9l\u00e9gation nationale de la s\u00e9curit\u00e9 de l&#039;enfance","publisher":{"@id":"https:\/\/collectif-wecare.org\/#organization"},"potentialAction":[{"@type":"SearchAction","target":{"@type":"EntryPoint","urlTemplate":"https:\/\/collectif-wecare.org\/?s={search_term_string}"},"query-input":{"@type":"PropertyValueSpecification","valueRequired":true,"valueName":"search_term_string"}}],"inLanguage":"fr-FR"},{"@type":"Organization","@id":"https:\/\/collectif-wecare.org\/#organization","name":"#WECARE","url":"https:\/\/collectif-wecare.org\/","logo":{"@type":"ImageObject","inLanguage":"fr-FR","@id":"https:\/\/collectif-wecare.org\/#\/schema\/logo\/image\/","url":"http:\/\/collectif-wecare.org\/wp-content\/uploads\/2026\/02\/MiniLogo.png","contentUrl":"http:\/\/collectif-wecare.org\/wp-content\/uploads\/2026\/02\/MiniLogo.png","width":18,"height":15,"caption":"#WECARE"},"image":{"@id":"https:\/\/collectif-wecare.org\/#\/schema\/logo\/image\/"}}]}},"_links":{"self":[{"href":"https:\/\/collectif-wecare.org\/index.php\/wp-json\/wp\/v2\/pages\/59","targetHints":{"allow":["GET"]}}],"collection":[{"href":"https:\/\/collectif-wecare.org\/index.php\/wp-json\/wp\/v2\/pages"}],"about":[{"href":"https:\/\/collectif-wecare.org\/index.php\/wp-json\/wp\/v2\/types\/page"}],"author":[{"embeddable":true,"href":"https:\/\/collectif-wecare.org\/index.php\/wp-json\/wp\/v2\/users\/2"}],"replies":[{"embeddable":true,"href":"https:\/\/collectif-wecare.org\/index.php\/wp-json\/wp\/v2\/comments?post=59"}],"version-history":[{"count":22,"href":"https:\/\/collectif-wecare.org\/index.php\/wp-json\/wp\/v2\/pages\/59\/revisions"}],"predecessor-version":[{"id":253,"href":"https:\/\/collectif-wecare.org\/index.php\/wp-json\/wp\/v2\/pages\/59\/revisions\/253"}],"wp:attachment":[{"href":"https:\/\/collectif-wecare.org\/index.php\/wp-json\/wp\/v2\/media?parent=59"}],"curies":[{"name":"wp","href":"https:\/\/api.w.org\/{rel}","templated":true}]}}